{"id":13505,"date":"2023-07-18T20:55:22","date_gmt":"2023-07-18T20:55:22","guid":{"rendered":"https:\/\/business.reobiztheme.com\/?page_id=13505"},"modified":"2026-02-01T12:28:09","modified_gmt":"2026-02-01T12:28:09","slug":"demande-envoyee","status":"publish","type":"page","link":"https:\/\/seco-finances.com\/fi\/demande-envoyee\/","title":{"rendered":"Pyynt\u00f6 l\u00e4hetetty"},"content":{"rendered":"<div data-elementor-type=\"wp-page\" data-elementor-id=\"13505\" class=\"elementor elementor-13505\" data-elementor-post-type=\"page\">\n\t\t\t\t<div class=\"elementor-element elementor-element-624e422 e-flex e-con-boxed e-con e-parent\" data-id=\"624e422\" data-element_type=\"container\" data-e-type=\"container\">\n\t\t\t\t\t<div class=\"e-con-inner\">\n\t\t\t\t<div class=\"elementor-element elementor-element-4dbc75d elementor-widget elementor-widget-text-editor\" data-id=\"4dbc75d\" data-element_type=\"widget\" data-e-type=\"widget\" data-widget_type=\"text-editor.default\">\n\t\t\t\t<div class=\"elementor-widget-container\">\n\t\t\t\t\t\t\t\t\t<h5>Lomakkeesi on l\u00e4hetetty onnistuneesti! Olemme vastaanottaneet tietosi ja k\u00e4sittelemme ne mahdollisimman pian. Kiitos l\u00e4hetyksest\u00e4si ja luottamuksestasi. <br \/>Olemme l\u00e4hett\u00e4neet sinulle vahvistuss\u00e4hk\u00f6postin, tarkista se pyynt\u00f6si viimeistelemiseksi.<\/h5>\t\t\t\t\t\t\t\t<\/div>\n\t\t\t\t<\/div>\n\t\t\t\t\t<\/div>\n\t\t\t\t<\/div>\n\t\t\t\t<\/div>","protected":false},"excerpt":{"rendered":"<p>Votre formulaire a \u00e9t\u00e9 soumis avec succ\u00e8s ! Nous avons bien re\u00e7u vos informations et nous les traiterons dans les plus brefs d\u00e9lais. Merci pour votre soumission et pour votre confiance. Nous vous avons envoyer un mail de confirmation, veuillez le consulter pour finaliser votre demande.<\/p>","protected":false},"author":1,"featured_media":0,"parent":0,"menu_order":0,"comment_status":"closed","ping_status":"closed","template":"","meta":{"footnotes":""},"class_list":["post-13505","page","type-page","status-publish","hentry"],"_links":{"self":[{"href":"https:\/\/seco-finances.com\/fi\/wp-json\/wp\/v2\/pages\/13505","targetHints":{"allow":["GET"]}}],"collection":[{"href":"https:\/\/seco-finances.com\/fi\/wp-json\/wp\/v2\/pages"}],"about":[{"href":"https:\/\/seco-finances.com\/fi\/wp-json\/wp\/v2\/types\/page"}],"author":[{"embeddable":true,"href":"https:\/\/seco-finances.com\/fi\/wp-json\/wp\/v2\/users\/1"}],"replies":[{"embeddable":true,"href":"https:\/\/seco-finances.com\/fi\/wp-json\/wp\/v2\/comments?post=13505"}],"version-history":[{"count":8,"href":"https:\/\/seco-finances.com\/fi\/wp-json\/wp\/v2\/pages\/13505\/revisions"}],"predecessor-version":[{"id":16030,"href":"https:\/\/seco-finances.com\/fi\/wp-json\/wp\/v2\/pages\/13505\/revisions\/16030"}],"wp:attachment":[{"href":"https:\/\/seco-finances.com\/fi\/wp-json\/wp\/v2\/media?parent=13505"}],"curies":[{"name":"wp","href":"https:\/\/api.w.org\/{rel}","templated":true}]}}